{"id":263414,"date":"2020-12-07T16:33:01","date_gmt":"2020-12-07T15:33:01","guid":{"rendered":"https:\/\/pierregignoux.fr\/compare-our-boots\/"},"modified":"2021-07-21T18:04:44","modified_gmt":"2021-07-21T16:04:44","slug":"compare-our-boots","status":"publish","type":"page","link":"https:\/\/pierregignoux.fr\/en\/compare-our-boots\/","title":{"rendered":"Compare our boots"},"content":{"rendered":"<p>[et_pb_section fb_built=&#8221;1&#8243; _builder_version=&#8221;4.4.8&#8243;][et_pb_row _builder_version=&#8221;4.4.8&#8243;][et_pb_column type=&#8221;4_4&#8243; _builder_version=&#8221;4.4.8&#8243;][et_pb_text _builder_version=&#8221;4.4.8&#8243; header_text_align=&#8221;center&#8221; header_font_size=&#8221;5vw&#8221;]<\/p>\n<h1>Compare our boots\u00a0<\/h1>\n<p>[\/et_pb_text][\/et_pb_column][\/et_pb_row][et_pb_row column_structure=&#8221;1_5,1_5,1_5,1_5,1_5&#8243; make_equal=&#8221;on&#8221; _builder_version=&#8221;4.9.10&#8243; custom_padding=&#8221;27px|||||&#8221; hover_enabled=&#8221;0&#8243; sticky_enabled=&#8221;0&#8243;][et_pb_column type=&#8221;1_5&#8243; _builder_version=&#8221;4.4.8&#8243;][et_pb_text _builder_version=&#8221;4.4.8&#8243;]<\/p>\n<h2>Models<\/h2>\n<p>[\/et_pb_text][\/et_pb_column][et_pb_column type=&#8221;1_5&#8243; _builder_version=&#8221;4.4.8&#8243;][et_pb_text _builder_version=&#8221;4.4.8&#8243;]<\/p>\n<h2 style=\"text-align: center;\">Race 400<\/h2>\n<p>[\/et_pb_text][\/et_pb_column][et_pb_column type=&#8221;1_5&#8243; _builder_version=&#8221;4.4.8&#8243;][et_pb_text _builder_version=&#8221;4.4.8&#8243;]<\/p>\n<h2 style=\"text-align: center;\">Race Pro<\/h2>\n<p>[\/et_pb_text][\/et_pb_column][et_pb_column type=&#8221;1_5&#8243; _builder_version=&#8221;4.4.8&#8243;][et_pb_text _builder_version=&#8221;4.4.8&#8243;]<\/p>\n<h2 style=\"text-align: center;\">Black<\/h2>\n<p>[\/et_pb_text][\/et_pb_column][et_pb_column type=&#8221;1_5&#8243; _builder_version=&#8221;4.4.8&#8243;][et_pb_text _builder_version=&#8221;4.4.8&#8243;]<\/p>\n<h2 style=\"text-align: center;\">Mountain<\/h2>\n<p>[\/et_pb_text][\/et_pb_column][\/et_pb_row][et_pb_row column_structure=&#8221;1_5,1_5,1_5,1_5,1_5&#8243; _builder_version=&#8221;4.4.8&#8243; custom_padding=&#8221;27px|||||&#8221;][et_pb_column type=&#8221;1_5&#8243; _builder_version=&#8221;4.4.8&#8243;][et_pb_text _builder_version=&#8221;4.4.8&#8243;]<\/p>\n<h2>Weight (size 26 liner included)<\/h2>\n<p>[\/et_pb_text][\/et_pb_column][et_pb_column type=&#8221;1_5&#8243; _builder_version=&#8221;4.4.8&#8243;][et_pb_text _builder_version=&#8221;4.4.8&#8243;]<\/p>\n<p style=\"text-align: center;\">500g<\/p>\n<p>[\/et_pb_text][\/et_pb_column][et_pb_column type=&#8221;1_5&#8243; _builder_version=&#8221;4.4.8&#8243;][et_pb_text _builder_version=&#8221;4.4.8&#8243;]<\/p>\n<p style=\"text-align: center;\">505g<\/p>\n<p>[\/et_pb_text][\/et_pb_column][et_pb_column type=&#8221;1_5&#8243; _builder_version=&#8221;4.4.8&#8243;][et_pb_text _builder_version=&#8221;4.4.8&#8243;]<\/p>\n<p style=\"text-align: center;\">600g<\/p>\n<p>[\/et_pb_text][\/et_pb_column][et_pb_column type=&#8221;1_5&#8243; _builder_version=&#8221;4.4.8&#8243;][et_pb_text _builder_version=&#8221;4.4.8&#8243;]<\/p>\n<p style=\"text-align: center;\">750g<\/p>\n<p>[\/et_pb_text][\/et_pb_column][\/et_pb_row][et_pb_row column_structure=&#8221;1_5,1_5,1_5,1_5,1_5&#8243; _builder_version=&#8221;4.9.10&#8243; custom_padding=&#8221;27px|||||&#8221; hover_enabled=&#8221;0&#8243; use_custom_gutter=&#8221;on&#8221; gutter_width=&#8221;1&#8243; sticky_enabled=&#8221;0&#8243;][et_pb_column type=&#8221;1_5&#8243; _builder_version=&#8221;4.4.8&#8243;][et_pb_text _builder_version=&#8221;4.4.8&#8243;]<\/p>\n<h2>Waterproofness<\/h2>\n<p>[\/et_pb_text][\/et_pb_column][et_pb_column type=&#8221;1_5&#8243; _builder_version=&#8221;4.4.8&#8243;][et_pb_text _builder_version=&#8221;4.4.8&#8243;]<\/p>\n<p style=\"text-align: center;\">Low gaiter, waterproof only if used with a racing pants.<\/p>\n<p>[\/et_pb_text][\/et_pb_column][et_pb_column type=&#8221;1_5&#8243; _builder_version=&#8221;4.4.8&#8243;][et_pb_text _builder_version=&#8221;4.4.8&#8243;]<\/p>\n<p style=\"text-align: center;\">Low gaiter, waterproof only if used with a racing pants.<\/p>\n<p>[\/et_pb_text][\/et_pb_column][et_pb_column type=&#8221;1_5&#8243; _builder_version=&#8221;4.4.8&#8243;][et_pb_text _builder_version=&#8221;4.4.8&#8243;]<\/p>\n<p style=\"text-align: center;\">Medium gaiter, protect against snow projection and wet snow during downhill.<\/p>\n<p>[\/et_pb_text][\/et_pb_column][et_pb_column type=&#8221;1_5&#8243; _builder_version=&#8221;4.4.8&#8243;][et_pb_text _builder_version=&#8221;4.4.8&#8243;]<\/p>\n<p style=\"text-align: center;\">High gaiter bringing warms and full waterproofness.<\/p>\n<p>[\/et_pb_text][\/et_pb_column][\/et_pb_row][et_pb_row column_structure=&#8221;1_5,1_5,1_5,1_5,1_5&#8243; _builder_version=&#8221;4.9.10&#8243; custom_padding=&#8221;27px|||||&#8221; hover_enabled=&#8221;0&#8243; use_custom_gutter=&#8221;on&#8221; gutter_width=&#8221;1&#8243; sticky_enabled=&#8221;0&#8243;][et_pb_column type=&#8221;1_5&#8243; _builder_version=&#8221;4.4.8&#8243;][et_pb_text _builder_version=&#8221;4.4.8&#8243;]<\/p>\n<h2>Foot support<\/h2>\n<p>[\/et_pb_text][\/et_pb_column][et_pb_column type=&#8221;1_5&#8243; _builder_version=&#8221;4.4.8&#8243;][et_pb_text _builder_version=&#8221;4.4.8&#8243;]<\/p>\n<p style=\"text-align: center;\">ILS by Gignoux<\/p>\n<p>[\/et_pb_text][\/et_pb_column][et_pb_column type=&#8221;1_5&#8243; _builder_version=&#8221;4.4.8&#8243;][et_pb_text _builder_version=&#8221;4.4.8&#8243;]<\/p>\n<p style=\"text-align: center;\">ILS by Gignoux and tension system.<\/p>\n<p>[\/et_pb_text][\/et_pb_column][et_pb_column type=&#8221;1_5&#8243; _builder_version=&#8221;4.4.8&#8243;][et_pb_text _builder_version=&#8221;4.4.8&#8243;]<\/p>\n<p style=\"text-align: center;\">ILS by Gignoux<\/p>\n<p>[\/et_pb_text][\/et_pb_column][et_pb_column type=&#8221;1_5&#8243; _builder_version=&#8221;4.4.8&#8243;][et_pb_text _builder_version=&#8221;4.4.8&#8243;]<\/p>\n<p style=\"text-align: center;\">ILS by Gignoux<\/p>\n<p>[\/et_pb_text][\/et_pb_column][\/et_pb_row][et_pb_row column_structure=&#8221;1_5,1_5,1_5,1_5,1_5&#8243; _builder_version=&#8221;4.9.10&#8243; custom_padding=&#8221;27px|||||&#8221; hover_enabled=&#8221;0&#8243; use_custom_gutter=&#8221;on&#8221; gutter_width=&#8221;1.2&#8243; sticky_enabled=&#8221;0&#8243;][et_pb_column type=&#8221;1_5&#8243; _builder_version=&#8221;4.4.8&#8243;][et_pb_text _builder_version=&#8221;4.4.8&#8243;]<\/p>\n<h2>Sole<\/h2>\n<p>[\/et_pb_text][\/et_pb_column][et_pb_column type=&#8221;1_5&#8243; _builder_version=&#8221;4.4.8&#8243;][et_pb_text _builder_version=&#8221;4.4.8&#8243;]<\/p>\n<p style=\"text-align: center;\">Race sole by Gignoux, ISMF compliant. <\/p>\n<p>[\/et_pb_text][\/et_pb_column][et_pb_column type=&#8221;1_5&#8243; _builder_version=&#8221;4.4.8&#8243;][et_pb_text _builder_version=&#8221;4.4.8&#8243;]<\/p>\n<p style=\"text-align: center;\">Race sole by Gignoux, ISMF compliant. <\/p>\n<p>[\/et_pb_text][\/et_pb_column][et_pb_column type=&#8221;1_5&#8243; _builder_version=&#8221;4.4.8&#8243;][et_pb_text _builder_version=&#8221;4.4.8&#8243;]<\/p>\n<p style=\"text-align: center;\">Black sole by Gignoux,thick crampons  and sole for more durability and grip.<\/p>\n<p>[\/et_pb_text][\/et_pb_column][et_pb_column type=&#8221;1_5&#8243; _builder_version=&#8221;4.4.8&#8243;][et_pb_text _builder_version=&#8221;4.4.8&#8243;]<\/p>\n<p style=\"text-align: center;\">Black sole by Gignoux,thick crampons  and sole for more durability and grip.<\/p>\n<p>[\/et_pb_text][\/et_pb_column][\/et_pb_row][et_pb_row column_structure=&#8221;1_5,1_5,1_5,1_5,1_5&#8243; _builder_version=&#8221;4.9.10&#8243; custom_padding=&#8221;27px|||||&#8221; hover_enabled=&#8221;0&#8243; use_custom_gutter=&#8221;on&#8221; gutter_width=&#8221;1.2&#8243; sticky_enabled=&#8221;0&#8243;][et_pb_column type=&#8221;1_5&#8243; _builder_version=&#8221;4.4.8&#8243;][et_pb_text _builder_version=&#8221;4.4.8&#8243;]<\/p>\n<h2>Inserts<\/h2>\n<p>[\/et_pb_text][\/et_pb_column][et_pb_column type=&#8221;1_5&#8243; _builder_version=&#8221;4.4.8&#8243;][et_pb_text _builder_version=&#8221;4.4.8&#8243;]<\/p>\n<p style=\"text-align: center;\">Low-tech and Ultimate compliant<\/p>\n<p>[\/et_pb_text][\/et_pb_column][et_pb_column type=&#8221;1_5&#8243; _builder_version=&#8221;4.4.8&#8243;][et_pb_text _builder_version=&#8221;4.4.8&#8243;]<\/p>\n<p style=\"text-align: center;\">Low-tech and Ultimate compliant<\/p>\n<p>[\/et_pb_text][\/et_pb_column][et_pb_column type=&#8221;1_5&#8243; _builder_version=&#8221;4.4.8&#8243;][et_pb_text _builder_version=&#8221;4.4.8&#8243;]<\/p>\n<p style=\"text-align: center;\">Low-tech and Ultimate compliant<\/p>\n<p>[\/et_pb_text][\/et_pb_column][et_pb_column type=&#8221;1_5&#8243; _builder_version=&#8221;4.4.8&#8243;][et_pb_text _builder_version=&#8221;4.4.8&#8243;]<\/p>\n<p style=\"text-align: center;\">Low-tech and Ultimate compliant<\/p>\n<p>[\/et_pb_text][\/et_pb_column][\/et_pb_row][et_pb_row column_structure=&#8221;1_5,1_5,1_5,1_5,1_5&#8243; _builder_version=&#8221;4.4.8&#8243; custom_padding=&#8221;27px|||||&#8221;][et_pb_column type=&#8221;1_5&#8243; _builder_version=&#8221;4.4.8&#8243;][et_pb_text _builder_version=&#8221;4.5.6&#8243;]<\/p>\n<h2>Tibial flap<\/h2>\n<p>[\/et_pb_text][\/et_pb_column][et_pb_column type=&#8221;1_5&#8243; _builder_version=&#8221;4.4.8&#8243;][et_pb_text _builder_version=&#8221;4.4.8&#8243;]<\/p>\n<p style=\"text-align: center;\">Race flap, simple lock without adjustment, ultra light.<\/p>\n<p>[\/et_pb_text][\/et_pb_column][et_pb_column type=&#8221;1_5&#8243; _builder_version=&#8221;4.4.8&#8243;][et_pb_text _builder_version=&#8221;4.4.8&#8243;]<\/p>\n<p style=\"text-align: center;\">Race flap, simple lock without adjustment, ultra light.<\/p>\n<p>[\/et_pb_text][\/et_pb_column][et_pb_column type=&#8221;1_5&#8243; _builder_version=&#8221;4.4.8&#8243;][et_pb_text _builder_version=&#8221;4.4.8&#8243;]<\/p>\n<p style=\"text-align: center;\">Languette black reglable \u00e0 l&#8217;aide d&#8217;une cr\u00e9maill\u00e8re microm\u00e9trique.<\/p>\n<p>[\/et_pb_text][\/et_pb_column][et_pb_column type=&#8221;1_5&#8243; _builder_version=&#8221;4.4.8&#8243;][et_pb_text _builder_version=&#8221;4.4.8&#8243;]<\/p>\n<p style=\"text-align: center;\">Mountain flap with double buckle and overlap. Better tibial support and 50% increase of rigidity in torsion. Macrometrique adjustment.<\/p>\n<p>[\/et_pb_text][\/et_pb_column][\/et_pb_row][et_pb_row column_structure=&#8221;1_5,1_5,1_5,1_5,1_5&#8243; _builder_version=&#8221;4.4.8&#8243; custom_padding=&#8221;27px|||||&#8221;][et_pb_column type=&#8221;1_5&#8243; _builder_version=&#8221;4.4.8&#8243;][et_pb_text _builder_version=&#8221;4.4.8&#8243;]<\/p>\n<h2>Liners<\/h2>\n<p>[\/et_pb_text][\/et_pb_column][et_pb_column type=&#8221;1_5&#8243; _builder_version=&#8221;4.4.8&#8243;][et_pb_text _builder_version=&#8221;4.4.8&#8243;]<\/p>\n<p style=\"text-align: center;\">Race liner, bykini type.<\/p>\n<p>[\/et_pb_text][\/et_pb_column][et_pb_column type=&#8221;1_5&#8243; _builder_version=&#8221;4.4.8&#8243;][et_pb_text _builder_version=&#8221;4.4.8&#8243;]<\/p>\n<p style=\"text-align: center;\">Race liner, bykini type.<\/p>\n<p>[\/et_pb_text][\/et_pb_column][et_pb_column type=&#8221;1_5&#8243; _builder_version=&#8221;4.4.8&#8243;][et_pb_text _builder_version=&#8221;4.4.8&#8243;]<\/p>\n<p style=\"text-align: center;\">Black liner with neopren junction for more freedome and great warmth.<\/p>\n<p>[\/et_pb_text][\/et_pb_column][et_pb_column type=&#8221;1_5&#8243; _builder_version=&#8221;4.4.8&#8243;][et_pb_text _builder_version=&#8221;4.4.8&#8243;]<\/p>\n<p style=\"text-align: center;\">Mountain liner, thick liner for more comfort and warmth. Reinforcement on the shin for a better repartition of the strength.<\/p>\n<p>[\/et_pb_text][\/et_pb_column][\/et_pb_row][\/et_pb_section]<\/p>\n","protected":false},"excerpt":{"rendered":"<p>Compare our boots\u00a0ModelsRace 400Race ProBlackMountainWeight (size 26 liner included)500g505g600g750gWaterproofnessLow gaiter, waterproof only if used with a racing pants.Low gaiter, waterproof only if used with a racing pants.Medium gaiter, protect against snow projection and wet snow during downhill.High gaiter bringing warms and full waterproofness.Foot supportILS by GignouxILS by Gignoux and tension system.ILS by GignouxILS by GignouxSoleRace [&hellip;]<\/p>\n","protected":false},"author":6,"featured_media":0,"parent":0,"menu_order":0,"comment_status":"closed","ping_status":"closed","template":"","meta":{"_et_pb_use_builder":"on","_et_pb_old_content":"","_et_gb_content_width":"","advanced_seo_description":"","jetpack_seo_html_title":"","jetpack_seo_noindex":false,"footnotes":""},"class_list":["post-263414","page","type-page","status-publish","hentry"],"jetpack_sharing_enabled":true,"_links":{"self":[{"href":"https:\/\/pierregignoux.fr\/en\/wp-json\/wp\/v2\/pages\/263414","targetHints":{"allow":["GET"]}}],"collection":[{"href":"https:\/\/pierregignoux.fr\/en\/wp-json\/wp\/v2\/pages"}],"about":[{"href":"https:\/\/pierregignoux.fr\/en\/wp-json\/wp\/v2\/types\/page"}],"author":[{"embeddable":true,"href":"https:\/\/pierregignoux.fr\/en\/wp-json\/wp\/v2\/users\/6"}],"replies":[{"embeddable":true,"href":"https:\/\/pierregignoux.fr\/en\/wp-json\/wp\/v2\/comments?post=263414"}],"version-history":[{"count":0,"href":"https:\/\/pierregignoux.fr\/en\/wp-json\/wp\/v2\/pages\/263414\/revisions"}],"wp:attachment":[{"href":"https:\/\/pierregignoux.fr\/en\/wp-json\/wp\/v2\/media?parent=263414"}],"curies":[{"name":"wp","href":"https:\/\/api.w.org\/{rel}","templated":true}]}}