{"id":278414,"date":"2021-09-30T10:24:23","date_gmt":"2021-09-30T08:24:23","guid":{"rendered":"https:\/\/pierregignoux.fr\/produit\/r-150-plum\/"},"modified":"2026-01-19T14:52:00","modified_gmt":"2026-01-19T13:52:00","slug":"r-150-plum","status":"publish","type":"product","link":"https:\/\/pierregignoux.fr\/en\/produit\/r-150-plum\/","title":{"rendered":"R 150 Plum"},"content":{"rendered":"<p><div class=\"et_d4_element et_pb_section et_pb_section_0  et_pb_css_mix_blend_mode et_section_regular et_block_section\" >\n\t\t\t\t\n\t\t\t\t\n\t\t\t\t\n\t\t\t\t\n\t\t\t\t\n\t\t\t\t\n\t\t\t\t<div class=\"et_d4_element et_pb_row et_pb_row_0 et_pb_equal_columns et_pb_gutters1  et_pb_css_mix_blend_mode et_block_row\">\n\t\t\t\t<div class=\"et_d4_element et_pb_column_1_3 et_pb_column et_pb_column_0  et_pb_css_mix_blend_mode et_block_column\">\n\t\t\t\t\n\t\t\t\t\n\t\t\t\t\n\t\t\t\t\n\t\t\t\t<div class=\"et_pb_module et_d4_element et_pb_text et_pb_text_0  et_pb_text_align_left et_pb_bg_layout_light\">\n\t\t\t\t\n\t\t\t\t\n\t\t\t\t\n\t\t\t\t\n\t\t\t\t<div class=\"et_pb_text_inner\"><h2>R 150 Plum<\/h2><\/div>\n\t\t\t<\/div><div class=\"et_pb_module et_d4_element et_pb_wc_price et_pb_wc_price_0\">\n\t\t\t\t\n\t\t\t\t\n\t\t\t\t\n\t\t\t\t\n\t\t\t\t\n\t\t\t\t\n\t\t\t\t<div class=\"et_pb_module_inner\">\n\t\t\t\t\t<p class=\"price\"><span class=\"woocommerce-Price-amount amount\"><bdi>2,50<span class=\"woocommerce-Price-currencySymbol\">&euro;<\/span><\/bdi><\/span> <small class=\"woocommerce-price-suffix\">VAT inc \/ <span class=\"woocommerce-Price-amount amount\"><bdi>2,08<span class=\"woocommerce-Price-currencySymbol\">&euro;<\/span><\/bdi><\/span> VAT excl<\/small><\/p>\n\n\t\t\t\t<\/div>\n\t\t\t<\/div><div class=\"et_pb_module et_d4_element et_pb_wc_add_to_cart et_pb_wc_add_to_cart_0 et_pb_fields_label_position_default et_pb_bg_layout_  et_pb_text_align_left\">\n\t\t\t\t\n\t\t\t\t\n\t\t\t\t\n\t\t\t\t\n\t\t\t\t\n\t\t\t\t\n\t\t\t\t<div class=\"et_pb_module_inner\">\n\t\t\t\t\t\n\t\n\t<form class=\"cart\" action=\"https:\/\/pierregignoux.fr\/en\/produit\/tibial-string-copie\/\" method=\"post\" enctype='multipart\/form-data'>\n\t\t\n\t\t<div class=\"quantity\">\n\t\t<label class=\"screen-reader-text\" for=\"quantity_69e521197f020\">Tibial String Mountain 2024 quantity<\/label>\n\t<input\n\t\ttype=\"number\"\n\t\t\t\tid=\"quantity_69e521197f020\"\n\t\tclass=\"input-text qty text\"\n\t\tname=\"quantity\"\n\t\tvalue=\"1\"\n\t\taria-label=\"Product quantity\"\n\t\t\t\tmin=\"1\"\n\t\t\t\t\t\t\tstep=\"1\"\n\t\t\tplaceholder=\"\"\n\t\t\tinputmode=\"numeric\"\n\t\t\tautocomplete=\"off\"\n\t\t\t\/>\n\t<\/div>\n\n\t\t<button type=\"submit\" name=\"add-to-cart\" value=\"286781\" class=\"single_add_to_cart_button button alt\">Add to cart<\/button>\n\n\t\t\t<\/form>\n\n\t\n\n\t\t\t\t<\/div>\n\t\t\t<\/div><div class=\"et_pb_module et_d4_element et_pb_text et_pb_text_1  et_pb_text_align_left et_pb_bg_layout_light\">\n\t\t\t\t\n\t\t\t\t\n\t\t\t\t\n\t\t\t\t\n\t\t\t\t<div class=\"et_pb_text_inner\"><p>Shipping within 3 to 5 days<\/p><\/div>\n\t\t\t<\/div><div class=\"et_pb_module et_d4_element et_pb_divider et_pb_divider_0 et_pb_space\"><div class=\"et_pb_divider_internal\"><\/div><\/div>\n\t\t\t<\/div><div class=\"et_d4_element et_pb_column_2_3 et_pb_column et_pb_column_1  et_pb_css_mix_blend_mode et-last-child et_block_column\">\n\t\t\t\t\n\t\t\t\t\n\t\t\t\t\n\t\t\t\t\n\t\t\t\t<div class=\"et_pb_module et_d4_element et_pb_image et_pb_image_0\">\n\t\t\t\t\n\t\t\t\t\n\t\t\t\t\n\t\t\t\t\n\t\t\t\t<span class=\"et_pb_image_wrap \"><img data-recalc-dims=\"1\" loading=\"lazy\" decoding=\"async\" width=\"600\" height=\"600\" src=\"https:\/\/i0.wp.com\/pierregignoux.fr\/wp-content\/uploads\/2021\/09\/R150-troisquart-sans-support-couteauV2.jpg?resize=600%2C600&#038;ssl=1\" alt=\"\" title=\"R150-troisquart-sans-support-couteauV2\" srcset=\"https:\/\/i0.wp.com\/pierregignoux.fr\/wp-content\/uploads\/2021\/09\/R150-troisquart-sans-support-couteauV2.jpg?w=600&ssl=1 600w, https:\/\/i0.wp.com\/pierregignoux.fr\/wp-content\/uploads\/2021\/09\/R150-troisquart-sans-support-couteauV2.jpg?resize=400%2C400&ssl=1 400w, https:\/\/i0.wp.com\/pierregignoux.fr\/wp-content\/uploads\/2021\/09\/R150-troisquart-sans-support-couteauV2.jpg?resize=100%2C100&ssl=1 100w, https:\/\/i0.wp.com\/pierregignoux.fr\/wp-content\/uploads\/2021\/09\/R150-troisquart-sans-support-couteauV2.jpg?resize=510%2C510&ssl=1 510w, https:\/\/i0.wp.com\/pierregignoux.fr\/wp-content\/uploads\/2021\/09\/R150-troisquart-sans-support-couteauV2.jpg?resize=300%2C300&ssl=1 300w, https:\/\/i0.wp.com\/pierregignoux.fr\/wp-content\/uploads\/2021\/09\/R150-troisquart-sans-support-couteauV2.jpg?resize=150%2C150&ssl=1 150w, https:\/\/i0.wp.com\/pierregignoux.fr\/wp-content\/uploads\/2021\/09\/R150-troisquart-sans-support-couteauV2.jpg?resize=480%2C480&ssl=1 480w\" sizes=\"(max-width: 600px) 100vw, 600px\" class=\"wp-image-278402\" \/><\/span>\n\t\t\t<\/div>\n\t\t\t<\/div>\n\t\t\t\t\n\t\t\t\t\n\t\t\t\t\n\t\t\t\t\n\t\t\t<\/div>\n\t\t\t\t\n\t\t\t\t\n\t\t\t<\/div><div class=\"et_d4_element et_pb_section et_pb_section_1  et_pb_css_mix_blend_mode et_section_regular et_block_section\" >\n\t\t\t\t\n\t\t\t\t\n\t\t\t\t\n\t\t\t\t\n\t\t\t\t\n\t\t\t\t\n\t\t\t\t<div class=\"et_d4_element et_pb_row et_pb_row_1  et_pb_css_mix_blend_mode et_block_row\">\n\t\t\t\t<div class=\"et_d4_element et_pb_column_1_2 et_pb_column et_pb_column_2  et_pb_css_mix_blend_mode et_block_column\">\n\t\t\t\t\n\t\t\t\t\n\t\t\t\t\n\t\t\t\t\n\t\t\t\t<div class=\"et_pb_module et_d4_element et_pb_image et_pb_image_1\">\n\t\t\t\t\n\t\t\t\t\n\t\t\t\t\n\t\t\t\t\n\t\t\t\t<span class=\"et_pb_image_wrap \"><img data-recalc-dims=\"1\" loading=\"lazy\" decoding=\"async\" width=\"570\" height=\"700\" src=\"https:\/\/i0.wp.com\/pierregignoux.fr\/wp-content\/uploads\/2021\/09\/plum-action-v1.jpg?resize=570%2C700&#038;ssl=1\" alt=\"\" title=\"plum-action-v1\" srcset=\"https:\/\/i0.wp.com\/pierregignoux.fr\/wp-content\/uploads\/2021\/09\/plum-action-v1.jpg?w=570&ssl=1 570w, https:\/\/i0.wp.com\/pierregignoux.fr\/wp-content\/uploads\/2021\/09\/plum-action-v1.jpg?resize=510%2C626&ssl=1 510w, https:\/\/i0.wp.com\/pierregignoux.fr\/wp-content\/uploads\/2021\/09\/plum-action-v1.jpg?resize=244%2C300&ssl=1 244w, https:\/\/i0.wp.com\/pierregignoux.fr\/wp-content\/uploads\/2021\/09\/plum-action-v1.jpg?resize=480%2C589&ssl=1 480w\" sizes=\"(max-width: 570px) 100vw, 570px\" class=\"wp-image-278404\" \/><\/span>\n\t\t\t<\/div>\n\t\t\t<\/div><div class=\"et_d4_element et_pb_column_1_2 et_pb_column et_pb_column_3  et_pb_css_mix_blend_mode et-last-child et_block_column\">\n\t\t\t\t\n\t\t\t\t\n\t\t\t\t\n\t\t\t\t\n\t\t\t\t<div class=\"et_pb_module et_d4_element et_pb_text et_pb_text_2  et_pb_text_align_left et_pb_bg_layout_light\">\n\t\t\t\t\n\t\t\t\t\n\t\t\t\t\n\t\t\t\t\n\t\t\t\t<div class=\"et_pb_text_inner\"><p>The R150 is a safe bet, with more than 10 years of plum know-how. Easy-to-use and ultra performant the reliability has been proven by the best athletes such as steep skier Vivian Bruchez. The R150 vertical gain is merely a formality thanks to its lightness! It\u2019s the binding for all seasoned skiers looking for an ultra-light binding with a fixed release.<\/p><\/div>\n\t\t\t<\/div>\n\t\t\t<\/div>\n\t\t\t\t\n\t\t\t\t\n\t\t\t\t\n\t\t\t\t\n\t\t\t<\/div>\n\t\t\t\t\n\t\t\t\t\n\t\t\t<\/div><div class=\"et_d4_element et_pb_section et_pb_section_2  et_pb_css_mix_blend_mode et_section_regular et_block_section\" >\n\t\t\t\t\n\t\t\t\t\n\t\t\t\t\n\t\t\t\t\n\t\t\t\t\n\t\t\t\t\n\t\t\t\t<div class=\"et_d4_element et_pb_row et_pb_row_2  et_pb_css_mix_blend_mode et_block_row\">\n\t\t\t\t<div class=\"et_d4_element et_pb_column_4_4 et_pb_column et_pb_column_4  et_pb_css_mix_blend_mode et-last-child et_block_column\">\n\t\t\t\t\n\t\t\t\t\n\t\t\t\t\n\t\t\t\t\n\t\t\t\t<div class=\"et_pb_module et_d4_element et_pb_text et_pb_text_3  et_pb_text_align_left et_pb_bg_layout_light\">\n\t\t\t\t\n\t\t\t\t\n\t\t\t\t\n\t\t\t\t\n\t\t\t\t<div class=\"et_pb_text_inner\"><h2 style=\"text-align: center;\">French craft<\/h2><\/div>\n\t\t\t<\/div>\n\t\t\t<\/div>\n\t\t\t\t\n\t\t\t\t\n\t\t\t\t\n\t\t\t\t\n\t\t\t<\/div><div class=\"et_d4_element et_pb_row et_pb_row_3  et_pb_css_mix_blend_mode et_block_row\">\n\t\t\t\t<div class=\"et_d4_element et_pb_column_1_2 et_pb_column et_pb_column_5  et_pb_css_mix_blend_mode et_block_column\">\n\t\t\t\t\n\t\t\t\t\n\t\t\t\t\n\t\t\t\t\n\t\t\t\t<div class=\"et_pb_module et_d4_element et_pb_text et_pb_text_4  et_pb_text_align_left et_pb_bg_layout_light\">\n\t\t\t\t\n\t\t\t\t\n\t\t\t\t\n\t\t\t\t\n\t\t\t\t<div class=\"et_pb_text_inner\"><p>Made in the heart of the Alps, plum bindings are completely in keeping with our local manufacturing spirit. An additional advantage to the high technical side of the bindings.<\/p><\/div>\n\t\t\t<\/div>\n\t\t\t<\/div><div class=\"et_d4_element et_pb_column_1_2 et_pb_column et_pb_column_6  et_pb_css_mix_blend_mode et-last-child et_block_column\">\n\t\t\t\t\n\t\t\t\t\n\t\t\t\t\n\t\t\t\t\n\t\t\t\t<div class=\"et_pb_module et_d4_element et_pb_image et_pb_image_2\">\n\t\t\t\t\n\t\t\t\t\n\t\t\t\t\n\t\t\t\t\n\t\t\t\t<span class=\"et_pb_image_wrap \"><img data-recalc-dims=\"1\" loading=\"lazy\" decoding=\"async\" width=\"700\" height=\"469\" src=\"https:\/\/i0.wp.com\/pierregignoux.fr\/wp-content\/uploads\/2021\/09\/fabricationV2.jpg?resize=700%2C469&#038;ssl=1\" alt=\"\" title=\"&lt;p&gt;fabricationV2&lt;\/p&gt;\" srcset=\"https:\/\/i0.wp.com\/pierregignoux.fr\/wp-content\/uploads\/2021\/09\/fabricationV2.jpg?w=700&ssl=1 700w, https:\/\/i0.wp.com\/pierregignoux.fr\/wp-content\/uploads\/2021\/09\/fabricationV2.jpg?resize=510%2C342&ssl=1 510w, https:\/\/i0.wp.com\/pierregignoux.fr\/wp-content\/uploads\/2021\/09\/fabricationV2.jpg?resize=300%2C201&ssl=1 300w, https:\/\/i0.wp.com\/pierregignoux.fr\/wp-content\/uploads\/2021\/09\/fabricationV2.jpg?resize=480%2C322&ssl=1 480w\" sizes=\"(max-width: 700px) 100vw, 700px\" class=\"wp-image-278406\" \/><\/span>\n\t\t\t<\/div>\n\t\t\t<\/div>\n\t\t\t\t\n\t\t\t\t\n\t\t\t\t\n\t\t\t\t\n\t\t\t<\/div>\n\t\t\t\t\n\t\t\t\t\n\t\t\t<\/div><div class=\"et_d4_element et_pb_section et_pb_section_3 et_pb_with_background  et_pb_css_mix_blend_mode et_section_regular et_block_section\" >\n\t\t\t\t\n\t\t\t\t\n\t\t\t\t\n\t\t\t\t\n\t\t\t\t\n\t\t\t\t\n\t\t\t\t<div class=\"et_d4_element et_pb_row et_pb_row_4 et_pb_gutters3  et_pb_css_mix_blend_mode et_block_row\">\n\t\t\t\t<div class=\"et_d4_element et_pb_column_1_2 et_pb_column et_pb_column_7  et_pb_css_mix_blend_mode et_block_column\">\n\t\t\t\t\n\t\t\t\t\n\t\t\t\t\n\t\t\t\t\n\t\t\t\t<div class=\"et_pb_module et_d4_element et_pb_image et_pb_image_3\">\n\t\t\t\t\n\t\t\t\t\n\t\t\t\t\n\t\t\t\t\n\t\t\t\t<span class=\"et_pb_image_wrap \"><img data-recalc-dims=\"1\" loading=\"lazy\" decoding=\"async\" width=\"700\" height=\"700\" src=\"https:\/\/i0.wp.com\/pierregignoux.fr\/wp-content\/uploads\/2021\/09\/R150-dessus700x700.jpg?resize=700%2C700&#038;ssl=1\" alt=\"\" title=\"&lt;p&gt;R150-dessus700x700&lt;\/p&gt;\" srcset=\"https:\/\/i0.wp.com\/pierregignoux.fr\/wp-content\/uploads\/2021\/09\/R150-dessus700x700.jpg?w=700&ssl=1 700w, https:\/\/i0.wp.com\/pierregignoux.fr\/wp-content\/uploads\/2021\/09\/R150-dessus700x700.jpg?resize=400%2C400&ssl=1 400w, https:\/\/i0.wp.com\/pierregignoux.fr\/wp-content\/uploads\/2021\/09\/R150-dessus700x700.jpg?resize=100%2C100&ssl=1 100w, https:\/\/i0.wp.com\/pierregignoux.fr\/wp-content\/uploads\/2021\/09\/R150-dessus700x700.jpg?resize=510%2C510&ssl=1 510w, https:\/\/i0.wp.com\/pierregignoux.fr\/wp-content\/uploads\/2021\/09\/R150-dessus700x700.jpg?resize=300%2C300&ssl=1 300w, https:\/\/i0.wp.com\/pierregignoux.fr\/wp-content\/uploads\/2021\/09\/R150-dessus700x700.jpg?resize=150%2C150&ssl=1 150w, https:\/\/i0.wp.com\/pierregignoux.fr\/wp-content\/uploads\/2021\/09\/R150-dessus700x700.jpg?resize=480%2C480&ssl=1 480w\" sizes=\"(max-width: 700px) 100vw, 700px\" class=\"wp-image-278408\" \/><\/span>\n\t\t\t<\/div>\n\t\t\t<\/div><div class=\"et_d4_element et_pb_column_1_2 et_pb_column et_pb_column_8  et_pb_css_mix_blend_mode et-last-child et_block_column\">\n\t\t\t\t\n\t\t\t\t\n\t\t\t\t\n\t\t\t\t\n\t\t\t\t<div class=\"et_pb_module et_d4_element et_pb_image et_pb_image_4\">\n\t\t\t\t\n\t\t\t\t\n\t\t\t\t\n\t\t\t\t\n\t\t\t\t<span class=\"et_pb_image_wrap \"><img data-recalc-dims=\"1\" loading=\"lazy\" decoding=\"async\" width=\"700\" height=\"700\" src=\"https:\/\/i0.wp.com\/pierregignoux.fr\/wp-content\/uploads\/2021\/09\/R150-cote700x700.jpg?resize=700%2C700&#038;ssl=1\" alt=\"\" title=\"&lt;p&gt;R150-cote700x700&lt;\/p&gt;\" srcset=\"https:\/\/i0.wp.com\/pierregignoux.fr\/wp-content\/uploads\/2021\/09\/R150-cote700x700.jpg?w=700&ssl=1 700w, https:\/\/i0.wp.com\/pierregignoux.fr\/wp-content\/uploads\/2021\/09\/R150-cote700x700.jpg?resize=400%2C400&ssl=1 400w, https:\/\/i0.wp.com\/pierregignoux.fr\/wp-content\/uploads\/2021\/09\/R150-cote700x700.jpg?resize=100%2C100&ssl=1 100w, https:\/\/i0.wp.com\/pierregignoux.fr\/wp-content\/uploads\/2021\/09\/R150-cote700x700.jpg?resize=510%2C510&ssl=1 510w, https:\/\/i0.wp.com\/pierregignoux.fr\/wp-content\/uploads\/2021\/09\/R150-cote700x700.jpg?resize=300%2C300&ssl=1 300w, https:\/\/i0.wp.com\/pierregignoux.fr\/wp-content\/uploads\/2021\/09\/R150-cote700x700.jpg?resize=150%2C150&ssl=1 150w, https:\/\/i0.wp.com\/pierregignoux.fr\/wp-content\/uploads\/2021\/09\/R150-cote700x700.jpg?resize=480%2C480&ssl=1 480w\" sizes=\"(max-width: 700px) 100vw, 700px\" class=\"wp-image-278410\" \/><\/span>\n\t\t\t<\/div>\n\t\t\t<\/div>\n\t\t\t\t\n\t\t\t\t\n\t\t\t\t\n\t\t\t\t\n\t\t\t<\/div>\n\t\t\t\t\n\t\t\t\t\n\t\t\t<\/div><\/p>\n","protected":false},"excerpt":{"rendered":"<p>The R150 is a safe bet, with more than 10 years of plum know-how, it comes at a very competitive price. Easy-to-use and ultra performant the reliability has been proven by the best athletes such as steep skier Vivian Bruchez. The R150 vertical gain is merely a formality thanks to its lightness! It\u2019s the binding for all seasoned skiers looking for an ultra-light binding with a fixed release.<\/p>\n","protected":false},"featured_media":294396,"template":"","meta":{"advanced_seo_description":"","jetpack_seo_html_title":"","jetpack_seo_noindex":false,"_et_pb_use_builder":"on","_et_pb_old_content":"En qu\u00eate de d\u00e9nivel\u00e9 dans les comp\u00e9titions ou d\u2019aventure \u00e0 skis, la R150 est faite pour vous. Polyvalente, cette fixation de randonn\u00e9e light a d\u00e9j\u00e0 fait ses preuves en course, mais aussi dans le raide ou dans la grosse neige. Simple d\u2019utilisation, ultra performante, le d\u00e9nivel\u00e9 ne vous fera plus peur. Avec la R150 vous allez enfin oser la l\u00e9g\u00e8ret\u00e9, sans oublier la s\u00e9curit\u00e9 avec son d\u00e9clenchement lat\u00e9ral et frontal \u00e9gal \u00e0 8, non r\u00e9glable. Au niveau de la talonni\u00e8re, vous avez la possibilit\u00e9 de la faire pivoter ce qui permet d'\u00eatre \u00e0 plat (rotation \u00e0 90\u00b0) ou d\u2019avoir une position de cale de 36 mm. La but\u00e9e avant de la R150 est dot\u00e9e de la technologie \u00abToo facile\u00bb pour chausser rapidement et a \u00e9t\u00e9 \u00e9tudi\u00e9 ergonomiquement pour une prise en main facile du levier. Cette fixation est compatible avec de nombreux accessoires : supports couteaux, couteaux PLUM, rail de 40 mm, fourchettes titane, socles d\u00e9sax\u00e9es\u2026 Fixation conforme au r\u00e8glement ISMF. Fixation garantie 3 ans.","_et_gb_content_width":""},"product_brand":[],"product_cat":[116],"product_tag":[],"class_list":{"0":"post-278414","1":"product","2":"type-product","3":"status-publish","4":"has-post-thumbnail","6":"product_cat-bindings","7":"product_shipping_class-bindings","9":"first","10":"instock","11":"taxable","12":"shipping-taxable","13":"purchasable","14":"product-type-simple"},"composite_virtual":false,"composite_layout":"","composite_add_to_cart_form_location":"","composite_editable_in_cart":false,"composite_sold_individually_context":"","composite_shop_price_calc":"","composite_components":[],"composite_scenarios":[],"supplier_id":null,"supplier_sku":"","barcode":null,"atum_controlled":true,"out_stock_date":null,"out_stock_threshold":null,"inheritable":false,"inbound_stock":0,"stock_on_hold":1,"sold_today":0,"sales_last_days":0,"reserved_stock":0,"customer_returns":0,"warehouse_damage":0,"lost_in_post":0,"other_logs":0,"out_stock_days":0,"lost_sales":0,"has_location":false,"update_date":"2026-04-17T06:42:06","atum_locations":[],"atum_stock_status":"instock","restock_status":false,"low_stock_amount":"","sales_update_date":"2026-04-17T06:42:06","calc_backorders":null,"linked_bom":[],"sync_purchase_price":false,"bom_sellable":null,"minimum_threshold":null,"available_to_purchase":null,"selling_priority":null,"calculated_stock":null,"is_bom":false,"thumbnail":"https:\/\/pierregignoux.fr\/wp-content\/uploads\/2021\/09\/Fixation-web-R150.jpg","price_html":"<span class=\"woocommerce-Price-amount amount\"><bdi>318,00<span class=\"woocommerce-Price-currencySymbol\">&euro;<\/span><\/bdi><\/span> <small class=\"woocommerce-price-suffix\">VAT inc \/ <span class=\"woocommerce-Price-amount amount\"><bdi>265,00<span class=\"woocommerce-Price-currencySymbol\">&euro;<\/span><\/bdi><\/span> VAT excl<\/small>","on_sale":false,"stock_status":"instock","rating_html":"","rating_count":0,"jetpack_sharing_enabled":true,"_links":{"self":[{"href":"https:\/\/pierregignoux.fr\/en\/wp-json\/wp\/v2\/product\/278414","targetHints":{"allow":["GET"]}}],"collection":[{"href":"https:\/\/pierregignoux.fr\/en\/wp-json\/wp\/v2\/product"}],"about":[{"href":"https:\/\/pierregignoux.fr\/en\/wp-json\/wp\/v2\/types\/product"}],"wp:featuredmedia":[{"embeddable":true,"href":"https:\/\/pierregignoux.fr\/en\/wp-json\/wp\/v2\/media\/294396"}],"wp:attachment":[{"href":"https:\/\/pierregignoux.fr\/en\/wp-json\/wp\/v2\/media?parent=278414"}],"wp:term":[{"taxonomy":"product_brand","embeddable":true,"href":"https:\/\/pierregignoux.fr\/en\/wp-json\/wp\/v2\/product_brand?post=278414"},{"taxonomy":"product_cat","embeddable":true,"href":"https:\/\/pierregignoux.fr\/en\/wp-json\/wp\/v2\/product_cat?post=278414"},{"taxonomy":"product_tag","embeddable":true,"href":"https:\/\/pierregignoux.fr\/en\/wp-json\/wp\/v2\/product_tag?post=278414"}],"curies":[{"name":"wp","href":"https:\/\/api.w.org\/{rel}","templated":true}]}}